{"id":583,"date":"2020-06-04T15:11:07","date_gmt":"2020-06-04T13:11:07","guid":{"rendered":"http:\/\/www.lederwaren-voegels.de\/impressum\/"},"modified":"2020-11-16T18:47:47","modified_gmt":"2020-11-16T17:47:47","slug":"imprint","status":"publish","type":"page","link":"https:\/\/www.lederwaren-voegels.de\/en\/imprint\/","title":{"rendered":"Imprint"},"content":{"rendered":"<div class=\"wpb-content-wrapper\">[vc_row][vc_column][vc_single_image image=&#8221;724&#8243;][\/vc_column][\/vc_row][vc_row][vc_column][vc_column_text]\n<h1>Registration information<\/h1>\n<p>Lederwaren Voegels GmbH &amp; Co. KG<\/p>\n<h4>Registered office<\/h4>\n<p>Ludwigstra\u00dfe 1<br \/>\n50667 K\u00f6ln<\/p>\n<h4>Management Board:<\/h4>\n<p>Herr Martin Voegels (Gesch\u00e4ftsf\u00fchrer)<\/p>\n<h4>Contact:<\/h4>\n<p><strong>Tel.:<\/strong> (0221) 25 77 382<br \/>\n<strong>Fax:<\/strong> (0221) 25 77 374<br \/>\nwww.voegels.de<a href=\"http:\/\/www.voegels.de\" target=\"_blank\" rel=\"noopener noreferrer\"><br \/>\n<\/a><a href=\"mailto:info@voegels.de\">info(at)voegels.de<\/a><\/p>\n<h4>Registered at:<\/h4>\n<p>Registration in the commercial register.<br \/>\nLocal court (Amtsgericht) K\u00f6ln<br \/>\nRegistered No.: HRB 1861<\/p>\n<h4>VAT No:<\/h4>\n<p>DE 122645880<\/p>\n<h4>Dispute settlement<\/h4>\n<p>We are not willing or obliged to participate in dispute resolution proceedings before a consumer arbitration board.<\/p>\n<h4>Disclaimer<\/h4>\n<p>As a service provider, we are responsible for our own content on these pages in accordance with general laws in accordance with Section 7 (1) TMG. According to \u00a7\u00a7 8 to 10 TMG, we as a service provider are not obliged to monitor transmitted or stored third-party information or to search for circumstances that indicate illegal activity.<\/p>\n<p>Obligations to remove or block the use of information according to general laws remain unaffected. However, liability in this regard is only possible from the time we become aware of a specific legal violation. As soon as we become aware of such violations, we will remove this content immediately.<\/p>\n<h4>Liability for links<\/h4>\n<p>Our offer contains links to external websites of third parties, the content of which we have no influence on. For this reason, we cannot accept any liability for this external content. The respective provider or operator of the pages is always responsible for the content of the linked pages. The linked pages were checked for possible legal violations at the time of linking. No illegal content was discernible at the time the link was created.<\/p>\n<p>A permanent control of the content of the linked pages is not reasonable without concrete evidence of an infringement. As soon as we become aware of legal violations, we will remove such links immediately.<\/p>\n<h4>Copyright<\/h4>\n<p>The content and works on these pages created by the site operator are subject to German copyright law. Duplication, editing, distribution and any kind of use outside the limits of copyright law require the written consent of the respective author or creator. Downloads and copies of this page are only permitted for private, non-commercial use.<\/p>\n<p>As far as the content on this page was not created by the operator, the copyrights of third parties are respected. In particular contents of third parties are marked as such. Should you nevertheless become aware of a copyright infringement, please let us know. As soon as we become aware of legal violations, we will remove such content immediately.[\/vc_column_text][\/vc_column][\/vc_row]\n<\/div>","protected":false},"excerpt":{"rendered":"<p>[vc_row][vc_column][vc_single_image image=&#8221;724&#8243;][\/vc_column][\/vc_row][vc_row][vc_column][vc_column_text] Registration information Lederwaren Voegels GmbH &amp; Co. KG Registered office Ludwigstra\u00dfe 1 50667 K\u00f6ln Management Board: Herr Martin Voegels (Gesch\u00e4ftsf\u00fchrer) Contact: Tel.: (0221) 25 77 382 Fax: (0221) 25 77 374 www.voegels.de info(at)voegels.de Registered at: Registration in the commercial register. Local court (Amtsgericht) K\u00f6ln Registered No.: HRB 1861 VAT No: DE 122645880 Dispute&hellip;<\/p>\n","protected":false},"author":1,"featured_media":0,"parent":0,"menu_order":0,"comment_status":"closed","ping_status":"closed","template":"","meta":{"footnotes":""},"class_list":["post-583","page","type-page","status-publish","hentry","entry","no-media"],"yoast_head":"<!-- This site is optimized with the Yoast SEO plugin v27.4 - https:\/\/yoast.com\/product\/yoast-seo-wordpress\/ -->\n<title>Imprint - Lederwaren Voegels<\/title>\n<meta name=\"robots\" content=\"index, follow, max-snippet:-1, max-image-preview:large, max-video-preview:-1\" \/>\n<link rel=\"canonical\" href=\"https:\/\/www.lederwaren-voegels.de\/en\/imprint\/\" \/>\n<meta property=\"og:locale\" content=\"en_US\" \/>\n<meta property=\"og:type\" content=\"article\" \/>\n<meta property=\"og:title\" content=\"Imprint - Lederwaren Voegels\" \/>\n<meta property=\"og:description\" content=\"[vc_row][vc_column][vc_single_image image=&#8221;724&#8243;][\/vc_column][\/vc_row][vc_row][vc_column][vc_column_text] Registration information Lederwaren Voegels GmbH &amp; Co. KG Registered office Ludwigstra\u00dfe 1 50667 K\u00f6ln Management Board: Herr Martin Voegels (Gesch\u00e4ftsf\u00fchrer) Contact: Tel.: (0221) 25 77 382 Fax: (0221) 25 77 374 www.voegels.de info(at)voegels.de Registered at: Registration in the commercial register. Local court (Amtsgericht) K\u00f6ln Registered No.: HRB 1861 VAT No: DE 122645880 Dispute&hellip;\" \/>\n<meta property=\"og:url\" content=\"https:\/\/www.lederwaren-voegels.de\/en\/imprint\/\" \/>\n<meta property=\"og:site_name\" content=\"Lederwaren Voegels\" \/>\n<meta property=\"article:publisher\" content=\"https:\/\/de-de.facebook.com\/lederwaren.voegels\/\" \/>\n<meta property=\"article:modified_time\" content=\"2020-11-16T17:47:47+00:00\" \/>\n<meta name=\"twitter:card\" content=\"summary_large_image\" \/>\n<meta name=\"twitter:label1\" content=\"Est. reading time\" \/>\n\t<meta name=\"twitter:data1\" content=\"2 minutes\" \/>\n<script type=\"application\/ld+json\" class=\"yoast-schema-graph\">{\"@context\":\"https:\\\/\\\/schema.org\",\"@graph\":[{\"@type\":\"WebPage\",\"@id\":\"https:\\\/\\\/www.lederwaren-voegels.de\\\/en\\\/imprint\\\/\",\"url\":\"https:\\\/\\\/www.lederwaren-voegels.de\\\/en\\\/imprint\\\/\",\"name\":\"Imprint - Lederwaren Voegels\",\"isPartOf\":{\"@id\":\"https:\\\/\\\/www.lederwaren-voegels.de\\\/#website\"},\"datePublished\":\"2020-06-04T13:11:07+00:00\",\"dateModified\":\"2020-11-16T17:47:47+00:00\",\"breadcrumb\":{\"@id\":\"https:\\\/\\\/www.lederwaren-voegels.de\\\/en\\\/imprint\\\/#breadcrumb\"},\"inLanguage\":\"en-US\",\"potentialAction\":[{\"@type\":\"ReadAction\",\"target\":[\"https:\\\/\\\/www.lederwaren-voegels.de\\\/en\\\/imprint\\\/\"]}]},{\"@type\":\"BreadcrumbList\",\"@id\":\"https:\\\/\\\/www.lederwaren-voegels.de\\\/en\\\/imprint\\\/#breadcrumb\",\"itemListElement\":[{\"@type\":\"ListItem\",\"position\":1,\"name\":\"Start\",\"item\":\"https:\\\/\\\/www.lederwaren-voegels.de\\\/en\\\/\"},{\"@type\":\"ListItem\",\"position\":2,\"name\":\"Imprint\"}]},{\"@type\":\"WebSite\",\"@id\":\"https:\\\/\\\/www.lederwaren-voegels.de\\\/#website\",\"url\":\"https:\\\/\\\/www.lederwaren-voegels.de\\\/\",\"name\":\"Lederwaren Voegels\",\"description\":\"Seit 1923 in K\u00f6ln\",\"publisher\":{\"@id\":\"https:\\\/\\\/www.lederwaren-voegels.de\\\/#organization\"},\"potentialAction\":[{\"@type\":\"SearchAction\",\"target\":{\"@type\":\"EntryPoint\",\"urlTemplate\":\"https:\\\/\\\/www.lederwaren-voegels.de\\\/?s={search_term_string}\"},\"query-input\":{\"@type\":\"PropertyValueSpecification\",\"valueRequired\":true,\"valueName\":\"search_term_string\"}}],\"inLanguage\":\"en-US\"},{\"@type\":\"Organization\",\"@id\":\"https:\\\/\\\/www.lederwaren-voegels.de\\\/#organization\",\"name\":\"Lederwaren Voegels\",\"url\":\"https:\\\/\\\/www.lederwaren-voegels.de\\\/\",\"logo\":{\"@type\":\"ImageObject\",\"inLanguage\":\"en-US\",\"@id\":\"https:\\\/\\\/www.lederwaren-voegels.de\\\/#\\\/schema\\\/logo\\\/image\\\/\",\"url\":\"https:\\\/\\\/www.lederwaren-voegels.de\\\/wp-content\\\/uploads\\\/2024\\\/08\\\/Voegels_Logo_CMYK_2024.jpeg\",\"contentUrl\":\"https:\\\/\\\/www.lederwaren-voegels.de\\\/wp-content\\\/uploads\\\/2024\\\/08\\\/Voegels_Logo_CMYK_2024.jpeg\",\"width\":640,\"height\":212,\"caption\":\"Lederwaren Voegels\"},\"image\":{\"@id\":\"https:\\\/\\\/www.lederwaren-voegels.de\\\/#\\\/schema\\\/logo\\\/image\\\/\"},\"sameAs\":[\"https:\\\/\\\/de-de.facebook.com\\\/lederwaren.voegels\\\/\",\"https:\\\/\\\/www.instagram.com\\\/lederwarenvoegels\\\/\",\"https:\\\/\\\/www.youtube.com\\\/channel\\\/UClkeHmqmK7xaQCFaQtKWP1A\\\/videos\"]}]}<\/script>\n<!-- \/ Yoast SEO plugin. -->","yoast_head_json":{"title":"Imprint - Lederwaren Voegels","robots":{"index":"index","follow":"follow","max-snippet":"max-snippet:-1","max-image-preview":"max-image-preview:large","max-video-preview":"max-video-preview:-1"},"canonical":"https:\/\/www.lederwaren-voegels.de\/en\/imprint\/","og_locale":"en_US","og_type":"article","og_title":"Imprint - Lederwaren Voegels","og_description":"[vc_row][vc_column][vc_single_image image=&#8221;724&#8243;][\/vc_column][\/vc_row][vc_row][vc_column][vc_column_text] Registration information Lederwaren Voegels GmbH &amp; Co. KG Registered office Ludwigstra\u00dfe 1 50667 K\u00f6ln Management Board: Herr Martin Voegels (Gesch\u00e4ftsf\u00fchrer) Contact: Tel.: (0221) 25 77 382 Fax: (0221) 25 77 374 www.voegels.de info(at)voegels.de Registered at: Registration in the commercial register. Local court (Amtsgericht) K\u00f6ln Registered No.: HRB 1861 VAT No: DE 122645880 Dispute&hellip;","og_url":"https:\/\/www.lederwaren-voegels.de\/en\/imprint\/","og_site_name":"Lederwaren Voegels","article_publisher":"https:\/\/de-de.facebook.com\/lederwaren.voegels\/","article_modified_time":"2020-11-16T17:47:47+00:00","twitter_card":"summary_large_image","twitter_misc":{"Est. reading time":"2 minutes"},"schema":{"@context":"https:\/\/schema.org","@graph":[{"@type":"WebPage","@id":"https:\/\/www.lederwaren-voegels.de\/en\/imprint\/","url":"https:\/\/www.lederwaren-voegels.de\/en\/imprint\/","name":"Imprint - Lederwaren Voegels","isPartOf":{"@id":"https:\/\/www.lederwaren-voegels.de\/#website"},"datePublished":"2020-06-04T13:11:07+00:00","dateModified":"2020-11-16T17:47:47+00:00","breadcrumb":{"@id":"https:\/\/www.lederwaren-voegels.de\/en\/imprint\/#breadcrumb"},"inLanguage":"en-US","potentialAction":[{"@type":"ReadAction","target":["https:\/\/www.lederwaren-voegels.de\/en\/imprint\/"]}]},{"@type":"BreadcrumbList","@id":"https:\/\/www.lederwaren-voegels.de\/en\/imprint\/#breadcrumb","itemListElement":[{"@type":"ListItem","position":1,"name":"Start","item":"https:\/\/www.lederwaren-voegels.de\/en\/"},{"@type":"ListItem","position":2,"name":"Imprint"}]},{"@type":"WebSite","@id":"https:\/\/www.lederwaren-voegels.de\/#website","url":"https:\/\/www.lederwaren-voegels.de\/","name":"Lederwaren Voegels","description":"Seit 1923 in K\u00f6ln","publisher":{"@id":"https:\/\/www.lederwaren-voegels.de\/#organization"},"potentialAction":[{"@type":"SearchAction","target":{"@type":"EntryPoint","urlTemplate":"https:\/\/www.lederwaren-voegels.de\/?s={search_term_string}"},"query-input":{"@type":"PropertyValueSpecification","valueRequired":true,"valueName":"search_term_string"}}],"inLanguage":"en-US"},{"@type":"Organization","@id":"https:\/\/www.lederwaren-voegels.de\/#organization","name":"Lederwaren Voegels","url":"https:\/\/www.lederwaren-voegels.de\/","logo":{"@type":"ImageObject","inLanguage":"en-US","@id":"https:\/\/www.lederwaren-voegels.de\/#\/schema\/logo\/image\/","url":"https:\/\/www.lederwaren-voegels.de\/wp-content\/uploads\/2024\/08\/Voegels_Logo_CMYK_2024.jpeg","contentUrl":"https:\/\/www.lederwaren-voegels.de\/wp-content\/uploads\/2024\/08\/Voegels_Logo_CMYK_2024.jpeg","width":640,"height":212,"caption":"Lederwaren Voegels"},"image":{"@id":"https:\/\/www.lederwaren-voegels.de\/#\/schema\/logo\/image\/"},"sameAs":["https:\/\/de-de.facebook.com\/lederwaren.voegels\/","https:\/\/www.instagram.com\/lederwarenvoegels\/","https:\/\/www.youtube.com\/channel\/UClkeHmqmK7xaQCFaQtKWP1A\/videos"]}]}},"_links":{"self":[{"href":"https:\/\/www.lederwaren-voegels.de\/en\/wp-json\/wp\/v2\/pages\/583","targetHints":{"allow":["GET"]}}],"collection":[{"href":"https:\/\/www.lederwaren-voegels.de\/en\/wp-json\/wp\/v2\/pages"}],"about":[{"href":"https:\/\/www.lederwaren-voegels.de\/en\/wp-json\/wp\/v2\/types\/page"}],"author":[{"embeddable":true,"href":"https:\/\/www.lederwaren-voegels.de\/en\/wp-json\/wp\/v2\/users\/1"}],"replies":[{"embeddable":true,"href":"https:\/\/www.lederwaren-voegels.de\/en\/wp-json\/wp\/v2\/comments?post=583"}],"version-history":[{"count":0,"href":"https:\/\/www.lederwaren-voegels.de\/en\/wp-json\/wp\/v2\/pages\/583\/revisions"}],"wp:attachment":[{"href":"https:\/\/www.lederwaren-voegels.de\/en\/wp-json\/wp\/v2\/media?parent=583"}],"curies":[{"name":"wp","href":"https:\/\/api.w.org\/{rel}","templated":true}]}}